{"id":1126,"date":"2024-05-22T13:12:35","date_gmt":"2024-05-22T13:12:35","guid":{"rendered":"https:\/\/thedreamdesigns.com\/?page_id=1126"},"modified":"2024-06-27T14:49:10","modified_gmt":"2024-06-27T14:49:10","slug":"contact","status":"publish","type":"page","link":"https:\/\/thedreamdesigns.com\/?page_id=1126","title":{"rendered":"CONTACT"},"content":{"rendered":"\t\t<div data-elementor-type=\"wp-page\" data-elementor-id=\"1126\" class=\"elementor elementor-1126\">\n\t\t\t\t<div class=\"elementor-element elementor-element-27f7208 e-flex e-con-boxed wpr-particle-no wpr-jarallax-no wpr-parallax-no wpr-sticky-section-no e-con e-parent\" data-id=\"27f7208\" data-element_type=\"container\" data-e-type=\"container\">\n\t\t\t\t\t<div class=\"e-con-inner\">\n\t\t\t\t<div class=\"elementor-element elementor-element-ad3e301 elementor-widget elementor-widget-text-editor\" data-id=\"ad3e301\" data-element_type=\"widget\" data-e-type=\"widget\" data-widget_type=\"text-editor.default\">\n\t\t\t\t<div class=\"elementor-widget-container\">\n\t\t\t\t\t\t\t\t\t<p>ous serions ravis de discuter de votre projet de construction, de r\u00e9novation ou de design int\u00e9rieur. Que vous ayez des questions, besoin de conseils ou souhaitiez planifier une consultation, n&#8217;h\u00e9sitez pas \u00e0 nous contacter. Notre \u00e9quipe d&#8217;experts est l\u00e0 pour vous aider \u00e0 chaque \u00e9tape de votre projet.<\/p><p>\u00a0<\/p>\t\t\t\t\t\t\t\t<\/div>\n\t\t\t\t<\/div>\n\t\t\t\t<div class=\"elementor-element elementor-element-d0f95d7 elementor-align-center elementor-widget elementor-widget-button\" data-id=\"d0f95d7\" data-element_type=\"widget\" data-e-type=\"widget\" data-widget_type=\"button.default\">\n\t\t\t\t<div class=\"elementor-widget-container\">\n\t\t\t\t\t\t\t\t\t<div class=\"elementor-button-wrapper\">\n\t\t\t\t\t<a class=\"elementor-button elementor-button-link elementor-size-sm\" href=\"mailto:dreamdeseign115@gmail.com\">\n\t\t\t\t\t\t<span class=\"elementor-button-content-wrapper\">\n\t\t\t\t\t\t\t\t\t<span class=\"elementor-button-text\">CONTACTER-NOUS<\/span>\n\t\t\t\t\t<\/span>\n\t\t\t\t\t<\/a>\n\t\t\t\t<\/div>\n\t\t\t\t\t\t\t\t<\/div>\n\t\t\t\t<\/div>\n\t\t\t\t\t<\/div>\n\t\t\t\t<\/div>\n\t\t\t\t<\/div>\n\t\t","protected":false},"excerpt":{"rendered":"<p>ous serions ravis de discuter de votre projet de construction, de r\u00e9novation ou de design int\u00e9rieur. Que vous ayez des questions, besoin de conseils ou souhaitiez planifier une consultation, n&#8217;h\u00e9sitez pas \u00e0 nous contacter. Notre \u00e9quipe d&#8217;experts est l\u00e0 pour vous aider \u00e0 chaque \u00e9tape de votre projet. \u00a0 CONTACTER-NOUS<\/p>\n","protected":false},"author":4,"featured_media":0,"parent":0,"menu_order":0,"comment_status":"closed","ping_status":"closed","template":"","meta":{"footnotes":""},"class_list":["post-1126","page","type-page","status-publish","hentry"],"_links":{"self":[{"href":"https:\/\/thedreamdesigns.com\/index.php?rest_route=\/wp\/v2\/pages\/1126","targetHints":{"allow":["GET"]}}],"collection":[{"href":"https:\/\/thedreamdesigns.com\/index.php?rest_route=\/wp\/v2\/pages"}],"about":[{"href":"https:\/\/thedreamdesigns.com\/index.php?rest_route=\/wp\/v2\/types\/page"}],"author":[{"embeddable":true,"href":"https:\/\/thedreamdesigns.com\/index.php?rest_route=\/wp\/v2\/users\/4"}],"replies":[{"embeddable":true,"href":"https:\/\/thedreamdesigns.com\/index.php?rest_route=%2Fwp%2Fv2%2Fcomments&post=1126"}],"version-history":[{"count":14,"href":"https:\/\/thedreamdesigns.com\/index.php?rest_route=\/wp\/v2\/pages\/1126\/revisions"}],"predecessor-version":[{"id":1378,"href":"https:\/\/thedreamdesigns.com\/index.php?rest_route=\/wp\/v2\/pages\/1126\/revisions\/1378"}],"wp:attachment":[{"href":"https:\/\/thedreamdesigns.com\/index.php?rest_route=%2Fwp%2Fv2%2Fmedia&parent=1126"}],"curies":[{"name":"wp","href":"https:\/\/api.w.org\/{rel}","templated":true}]}}